{"id":16653,"date":"2025-06-09T21:38:49","date_gmt":"2025-06-09T21:38:49","guid":{"rendered":"https:\/\/sheriff-global.ro\/general-terms-and-conditions-agb\/"},"modified":"2025-06-09T21:38:49","modified_gmt":"2025-06-09T21:38:49","slug":"general-terms-and-conditions-agb","status":"publish","type":"page","link":"https:\/\/sheriff-global.ro\/en\/general-terms-and-conditions-agb\/","title":{"rendered":"General Terms and Conditions (AGB)"},"content":{"rendered":"<h2 data-start=\"364\" data-end=\"405\">General Terms and Conditions<\/h2>\n<p data-start=\"406\" data-end=\"509\">for the use of the services offered by SHERIFF Security SRL,<\/p>\n<div class=\"ui-e-content\">\n<p class=\"ui-e-text\">Jud. Ilfov, Ora\u015f Voluntari,<br \/>\nBulevardul DUN\u0102RII, no. 25 <\/p>\n<\/div>\n<p data-start=\"511\" data-end=\"531\"><em data-start=\"511\" data-end=\"531\">(as at: June 2025)<\/em><\/p>\n<hr data-start=\"533\" data-end=\"536\">\n<h3 data-start=\"538\" data-end=\"561\">I. Scope of application<\/h3>\n<p data-start=\"562\" data-end=\"949\">These General Terms and Conditions (GTC) apply to all offers, contracts, deliveries and services of SHERIFF Security SRL, including consulting and information. They become a binding part of the contract when the customer places an order.<br data-start=\"816\" data-end=\"819\">Any deviating terms and conditions of the customer shall only apply if they have been expressly confirmed in writing by SHERIFF Security SRL. <\/p>\n<h3 data-start=\"951\" data-end=\"974\">II Content of the contract<\/h3>\n<p data-start=\"975\" data-end=\"1435\">Pre-contractual communications (e.g. offers, descriptions, cost estimates) are non-binding, unless expressly agreed otherwise.<br data-start=\"1128\" data-end=\"1131\">The written order confirmation of SHERIFF Security SRL is exclusively authoritative for the content and scope of the contract. Amendments to the contract and ancillary agreements must be made in writing.<br data-start=\"1319\" data-end=\"1322\">We reserve the right to make technical changes in the course of technical progress or to optimize the service. <\/p>\n<h3 data-start=\"1437\" data-end=\"1453\">III Prices<\/h3>\n<p data-start=\"1454\" data-end=\"1955\">Unless otherwise stated, all prices are exclusive of statutory VAT and ex works or ex warehouse St.Gallen. Unless otherwise agreed, packaging, assembly and shipping costs are not included in the price.<br data-start=\"1691\" data-end=\"1694\">Should taxes, duties or cost factors (such as wages, material costs) change after conclusion of the contract, SHERIFF Security SRL is entitled to adjust the prices accordingly. In the event of a price increase of more than 10%, the customer has the right to withdraw from the contract.  <\/p>\n<h3 data-start=\"1957\" data-end=\"2007\">IV. Delivery times, delivery, transfer of risk<\/h3>\n<p data-start=\"2008\" data-end=\"2557\">Delivery times are non-binding unless confirmed as binding in writing. The delivery period begins after receipt of the order confirmation and clarification of all execution details.<br data-start=\"2195\" data-end=\"2198\">In the event of force majeure (e.g. material shortages, strikes, official measures, transport problems), the delivery period shall be extended by the duration of the hindrance. Claims for damages due to delays are excluded.<br data-start=\"2414\" data-end=\"2417\">The risk is transferred to the customer or a third party designated by the customer at the latest when the goods are handed over. Partial deliveries are permitted.   <\/p>\n<h3 data-start=\"2559\" data-end=\"2593\">V. Assembly and maintenance<\/h3>\n<p data-start=\"2594\" data-end=\"2658\">The following additional conditions apply to installation and maintenance:<\/p>\n<ul data-start=\"2659\" data-end=\"3155\">\n<li data-start=\"2659\" data-end=\"2835\">\n<p data-start=\"2661\" data-end=\"2835\">The customer shall provide auxiliary personnel, tools, operating power, water, storage rooms, protective measures and all necessary preparations at his own expense.<\/p>\n<\/li>\n<li data-start=\"2836\" data-end=\"2942\">\n<p data-start=\"2838\" data-end=\"2942\">All static, technical and safety-relevant information must be provided in good time.<\/p>\n<\/li>\n<li data-start=\"2943\" data-end=\"3022\">\n<p data-start=\"2945\" data-end=\"3022\">The customer shall bear the costs for the environmentally friendly disposal of removed parts.<\/p>\n<\/li>\n<li data-start=\"3023\" data-end=\"3155\">\n<p data-start=\"3025\" data-end=\"3155\">If installation is invoiced on a time and material basis, all labor, travel, material and additional costs shall be reimbursed separately.<\/p>\n<\/li>\n<\/ul>\n<h3 data-start=\"3157\" data-end=\"3173\">VI Payment<\/h3>\n<p data-start=\"3174\" data-end=\"3576\">Invoices are due within 7 days of the invoice date.<br data-start=\"3237\" data-end=\"3240\">In the event of late payment, interest on arrears will be charged in accordance with Swiss law.<br data-start=\"3317\" data-end=\"3320\">SHERIFF Security SRL is entitled to demand a down payment of up to 50% when placing the order.<br data-start=\"3418\" data-end=\"3421\">Partial payments may be demanded for partial services.<br data-start=\"3478\" data-end=\"3481\">The customer may only offset undisputed or legally established claims.<\/p>\n<h3 data-start=\"3578\" data-end=\"3606\">VII Retention of title<\/h3>\n<p data-start=\"88\" data-end=\"297\">\u00cen cazul unor defecte, clientul are dreptul la remediere sau \u00eenlocuire \u00eentr-un termen rezonabil.<br data-start=\"186\" data-end=\"189\">Dac\u0103 remedierea nu are su succes, clientul poate solicita rezolu\u021bionarea contractului sau reducerea pre\u021bului.<\/p>\n<p data-start=\"299\" data-end=\"510\">Nu exist\u0103 drepturi de garan\u021bie \u00een caz de utilizare necorespunz\u0103toare, uzur\u0103 natural\u0103, interven\u021bii efectuate de ter\u021bi sau modific\u0103ri realizate f\u0103r\u0103 acordul prealabil, \u00een form\u0103 scris\u0103, al SHERIFF Security SRL.<\/p>\n<p data-start=\"512\" data-end=\"678\">Perioada de garan\u021bie este de 24 de luni de la livrare sau punerea \u00een func\u021biune, dac\u0103 nu s-a convenit altfel, \u00een conformitate cu legisla\u021bia \u00een vigoare din Rom\u00e2nia.<\/p>\n<h3 data-start=\"3822\" data-end=\"3848\">VIII. Claims for defects<\/h3>\n<p data-start=\"123\" data-end=\"345\">In the event of defects, the customer is entitled to rectification or replacement delivery within a reasonable period of time.<br data-start=\"234\" data-end=\"237\">If subsequent performance fails, the customer may withdraw from the contract or demand a price reduction.<\/p>\n<p data-start=\"347\" data-end=\"540\">No warranty claims can be made in the event of improper use, natural wear and tear, intervention by third parties or modifications without the prior written consent of SHERIFF Security SRL.<\/p>\n<p data-start=\"542\" data-end=\"744\">The warranty period is 24 months from the date of delivery or commissioning, unless otherwise contractually agreed and in accordance with the applicable Romanian legislation.<\/p>\n<h3 data-start=\"4293\" data-end=\"4309\">IX. Liability<\/h3>\n<p data-start=\"4310\" data-end=\"4763\">SHERIFF Security AG is only liable for intent and gross negligence. Liability for slight negligence is excluded, provided that no damage to life, body or health is affected.<br data-start=\"4507\" data-end=\"4510\">Liability for consequential damage (e.g. as a result of theft, burglary, non-functioning of the system) is excluded to the extent permitted by law.<br data-start=\"4653\" data-end=\"4656\">The customer is obliged to report recognizable defects or irregularities immediately in writing. <\/p>\n<h3 data-start=\"4765\" data-end=\"4823\">X. Applicable law, place of performance and jurisdiction<\/h3>\n<p data-start=\"4824\" data-end=\"4956\">The law of Romania shall apply exclusively.<br data-start=\"124\" data-end=\"127\">The place of performance and jurisdiction is Bucharest, Romania, to the extent permitted by law.<\/p>\n<h3 data-start=\"4958\" data-end=\"4978\">XI. Data protection<\/h3>\n<p data-start=\"4979\" data-end=\"5216\">SHERIFF Security SRL is authorized to store and process the customer&#8217;s personal data for the purpose of executing the contract, in compliance with the data protection regulations in force in Romania (including GDPR\/DSGVO).<br data-start=\"366\" data-end=\"369\">Further information can be found in our privacy policy.<\/p>\n<h3 data-start=\"5218\" data-end=\"5259\">XII. Copyright and rights of use<\/h3>\n<p data-start=\"5260\" data-end=\"5577\">All offers, plans, documents and programs of SHERIFF Security SRL are protected by copyright.<br data-start=\"5367\" data-end=\"5370\">Reproduction or disclosure is only permitted with written consent.<br data-start=\"5454\" data-end=\"5457\">The customer undertakes to use the software provided only for his own purposes and not to pass it on to third parties.<\/p>\n<h3 data-start=\"5579\" data-end=\"5599\">XIII Other<\/h3>\n<p data-start=\"5600\" data-end=\"5854\">Should individual provisions of these GTC be or become invalid, this shall not affect the validity of the remaining provisions. The parties undertake to agree on a provision that comes as close as possible to the economic purpose of the invalid provision. <\/p>\n","protected":false},"excerpt":{"rendered":"<p>General Terms and Conditions for the use of the services offered by SHERIFF Security SRL, Jud. Ilfov, Ora\u015f Voluntari, Bulevardul DUN\u0102RII, no. [&hellip;]<\/p>\n","protected":false},"author":1,"featured_media":0,"parent":0,"menu_order":0,"comment_status":"closed","ping_status":"closed","template":"","meta":{"_acf_changed":false,"footnotes":""},"class_list":["post-16653","page","type-page","status-publish","hentry"],"acf":[],"yoast_head":"<!-- This site is optimized with the Yoast SEO Premium plugin v25.0 (Yoast SEO v26.3) - https:\/\/yoast.com\/wordpress\/plugins\/seo\/ -->\n<title>General Terms and Conditions (AGB) - Sheriff<\/title>\n<meta name=\"robots\" content=\"index, follow, max-snippet:-1, max-image-preview:large, max-video-preview:-1\" \/>\n<link rel=\"canonical\" href=\"https:\/\/sheriff-global.ro\/en\/general-terms-and-conditions-agb\/\" \/>\n<meta property=\"og:locale\" content=\"en_US\" \/>\n<meta property=\"og:type\" content=\"article\" \/>\n<meta property=\"og:title\" content=\"General Terms and Conditions (AGB)\" \/>\n<meta property=\"og:description\" content=\"General Terms and Conditions for the use of the services offered by SHERIFF Security SRL, Jud. Ilfov, Ora\u015f Voluntari, Bulevardul DUN\u0102RII, no. [&hellip;]\" \/>\n<meta property=\"og:url\" content=\"https:\/\/sheriff-global.ro\/en\/general-terms-and-conditions-agb\/\" \/>\n<meta property=\"og:site_name\" content=\"Sheriff\" \/>\n<meta name=\"twitter:card\" content=\"summary_large_image\" \/>\n<meta name=\"twitter:label1\" content=\"Est. reading time\" \/>\n\t<meta name=\"twitter:data1\" content=\"5 minutes\" \/>\n<script type=\"application\/ld+json\" class=\"yoast-schema-graph\">{\"@context\":\"https:\/\/schema.org\",\"@graph\":[{\"@type\":\"WebPage\",\"@id\":\"https:\/\/sheriff-global.ro\/en\/general-terms-and-conditions-agb\/\",\"url\":\"https:\/\/sheriff-global.ro\/en\/general-terms-and-conditions-agb\/\",\"name\":\"General Terms and Conditions (AGB) - Sheriff\",\"isPartOf\":{\"@id\":\"https:\/\/sheriff-global.ro\/en\/#website\"},\"datePublished\":\"2025-06-09T21:38:49+00:00\",\"breadcrumb\":{\"@id\":\"https:\/\/sheriff-global.ro\/en\/general-terms-and-conditions-agb\/#breadcrumb\"},\"inLanguage\":\"en-US\",\"potentialAction\":[{\"@type\":\"ReadAction\",\"target\":[\"https:\/\/sheriff-global.ro\/en\/general-terms-and-conditions-agb\/\"]}]},{\"@type\":\"BreadcrumbList\",\"@id\":\"https:\/\/sheriff-global.ro\/en\/general-terms-and-conditions-agb\/#breadcrumb\",\"itemListElement\":[{\"@type\":\"ListItem\",\"position\":1,\"name\":\"\u0413\u043e\u043b\u043e\u0432\u043d\u0430\",\"item\":\"https:\/\/sheriff-global.ro\/en\/\"},{\"@type\":\"ListItem\",\"position\":2,\"name\":\"General Terms and Conditions (AGB)\"}]},{\"@type\":\"WebSite\",\"@id\":\"https:\/\/sheriff-global.ro\/en\/#website\",\"url\":\"https:\/\/sheriff-global.ro\/en\/\",\"name\":\"Sheriff Security SRL\",\"description\":\"Sheriff\",\"potentialAction\":[{\"@type\":\"SearchAction\",\"target\":{\"@type\":\"EntryPoint\",\"urlTemplate\":\"https:\/\/sheriff-global.ro\/en\/?s={search_term_string}\"},\"query-input\":{\"@type\":\"PropertyValueSpecification\",\"valueRequired\":true,\"valueName\":\"search_term_string\"}}],\"inLanguage\":\"en-US\"}]}<\/script>\n<!-- \/ Yoast SEO Premium plugin. -->","yoast_head_json":{"title":"General Terms and Conditions (AGB) - Sheriff","robots":{"index":"index","follow":"follow","max-snippet":"max-snippet:-1","max-image-preview":"max-image-preview:large","max-video-preview":"max-video-preview:-1"},"canonical":"https:\/\/sheriff-global.ro\/en\/general-terms-and-conditions-agb\/","og_locale":"en_US","og_type":"article","og_title":"General Terms and Conditions (AGB)","og_description":"General Terms and Conditions for the use of the services offered by SHERIFF Security SRL, Jud. Ilfov, Ora\u015f Voluntari, Bulevardul DUN\u0102RII, no. [&hellip;]","og_url":"https:\/\/sheriff-global.ro\/en\/general-terms-and-conditions-agb\/","og_site_name":"Sheriff","twitter_card":"summary_large_image","twitter_misc":{"Est. reading time":"5 minutes"},"schema":{"@context":"https:\/\/schema.org","@graph":[{"@type":"WebPage","@id":"https:\/\/sheriff-global.ro\/en\/general-terms-and-conditions-agb\/","url":"https:\/\/sheriff-global.ro\/en\/general-terms-and-conditions-agb\/","name":"General Terms and Conditions (AGB) - Sheriff","isPartOf":{"@id":"https:\/\/sheriff-global.ro\/en\/#website"},"datePublished":"2025-06-09T21:38:49+00:00","breadcrumb":{"@id":"https:\/\/sheriff-global.ro\/en\/general-terms-and-conditions-agb\/#breadcrumb"},"inLanguage":"en-US","potentialAction":[{"@type":"ReadAction","target":["https:\/\/sheriff-global.ro\/en\/general-terms-and-conditions-agb\/"]}]},{"@type":"BreadcrumbList","@id":"https:\/\/sheriff-global.ro\/en\/general-terms-and-conditions-agb\/#breadcrumb","itemListElement":[{"@type":"ListItem","position":1,"name":"\u0413\u043e\u043b\u043e\u0432\u043d\u0430","item":"https:\/\/sheriff-global.ro\/en\/"},{"@type":"ListItem","position":2,"name":"General Terms and Conditions (AGB)"}]},{"@type":"WebSite","@id":"https:\/\/sheriff-global.ro\/en\/#website","url":"https:\/\/sheriff-global.ro\/en\/","name":"Sheriff Security SRL","description":"Sheriff","potentialAction":[{"@type":"SearchAction","target":{"@type":"EntryPoint","urlTemplate":"https:\/\/sheriff-global.ro\/en\/?s={search_term_string}"},"query-input":{"@type":"PropertyValueSpecification","valueRequired":true,"valueName":"search_term_string"}}],"inLanguage":"en-US"}]}},"_links":{"self":[{"href":"https:\/\/sheriff-global.ro\/en\/wp-json\/wp\/v2\/pages\/16653","targetHints":{"allow":["GET"]}}],"collection":[{"href":"https:\/\/sheriff-global.ro\/en\/wp-json\/wp\/v2\/pages"}],"about":[{"href":"https:\/\/sheriff-global.ro\/en\/wp-json\/wp\/v2\/types\/page"}],"author":[{"embeddable":true,"href":"https:\/\/sheriff-global.ro\/en\/wp-json\/wp\/v2\/users\/1"}],"replies":[{"embeddable":true,"href":"https:\/\/sheriff-global.ro\/en\/wp-json\/wp\/v2\/comments?post=16653"}],"version-history":[{"count":0,"href":"https:\/\/sheriff-global.ro\/en\/wp-json\/wp\/v2\/pages\/16653\/revisions"}],"wp:attachment":[{"href":"https:\/\/sheriff-global.ro\/en\/wp-json\/wp\/v2\/media?parent=16653"}],"curies":[{"name":"wp","href":"https:\/\/api.w.org\/{rel}","templated":true}]}}